{"id":742,"date":"2025-11-03T16:31:04","date_gmt":"2025-11-03T20:31:04","guid":{"rendered":"https:\/\/sweetom971.com\/?post_type=product&#038;p=742"},"modified":"2025-12-30T13:22:53","modified_gmt":"2025-12-30T17:22:53","slug":"sirop-de-gwo-ten-bio","status":"publish","type":"product","link":"https:\/\/sweetom971.com\/en\/boutique\/sirops-et-koso\/sirop-de-gwo-ten-bio\/","title":{"rendered":"Sirop de Gwo ten bio"},"content":{"rendered":"<p><span data-sheets-root=\"1\">Le Gwo ten (Gros Thym) ou Plectranthus amboinicus est une lamiac\u00e9e bien connue de nos rim\u00e8d razy\u00e9 dont le parfum et les propri\u00e9t\u00e9s sont similaires au thym officinal. Ce sirop singulier vous apportera fraicheur et longueur en bouche et peut \u00eatre consomm\u00e9 \u00e0 l&rsquo;envie avec de l&rsquo;eau chaude ou froide, plate ou p\u00e9tillante ou dans vos cocktails et plats.<\/span><\/p>\n<p>200ml<\/p>","protected":false},"excerpt":{"rendered":"<p>Le Gwo ten (Gros Thym) ou Plectranthus amboinicus est une lamiac\u00e9e bien connue de nos rim\u00e8d razy\u00e9 dont le parfum [&hellip;]<\/p>\n","protected":false},"featured_media":716,"comment_status":"open","ping_status":"closed","template":"","meta":{"site-sidebar-layout":"default","site-content-layout":"","ast-site-content-layout":"default","site-content-style":"default","site-sidebar-style":"default","ast-global-header-display":"","ast-banner-title-visibility":"","ast-main-header-display":"","ast-hfb-above-header-display":"","ast-hfb-below-header-display":"","ast-hfb-mobile-header-display":"","site-post-title":"","ast-breadcrumbs-content":"","ast-featured-img":"","footer-sml-layout":"","ast-disable-related-posts":"","theme-transparent-header-meta":"default","adv-header-id-meta":"","stick-header-meta":"","header-above-stick-meta":"","header-main-stick-meta":"","header-below-stick-meta":"","astra-migrate-meta-layouts":"set","ast-page-background-enabled":"default","ast-page-background-meta":{"desktop":{"background-color":"var(--ast-global-color-5)","background-image":"","background-repeat":"repeat","background-position":"center center","background-size":"auto","background-attachment":"scroll","background-type":"","background-media":"","overlay-type":"","overlay-color":"","overlay-opacity":"","overlay-gradient":""},"tablet":{"background-color":"","background-image":"","background-repeat":"repeat","background-position":"center center","background-size":"auto","background-attachment":"scroll","background-type":"","background-media":"","overlay-type":"","overlay-color":"","overlay-opacity":"","overlay-gradient":""},"mobile":{"background-color":"","background-image":"","background-repeat":"repeat","background-position":"center center","background-size":"auto","background-attachment":"scroll","background-type":"","background-media":"","overlay-type":"","overlay-color":"","overlay-opacity":"","overlay-gradient":""}},"ast-content-background-meta":{"desktop":{"background-color":"var(--ast-global-color-4)","background-image":"","background-repeat":"repeat","background-position":"center center","background-size":"auto","background-attachment":"scroll","background-type":"","background-media":"","overlay-type":"","overlay-color":"","overlay-opacity":"","overlay-gradient":""},"tablet":{"background-color":"var(--ast-global-color-4)","background-image":"","background-repeat":"repeat","background-position":"center center","background-size":"auto","background-attachment":"scroll","background-type":"","background-media":"","overlay-type":"","overlay-color":"","overlay-opacity":"","overlay-gradient":""},"mobile":{"background-color":"var(--ast-global-color-4)","background-image":"","background-repeat":"repeat","background-position":"center center","background-size":"auto","background-attachment":"scroll","background-type":"","background-media":"","overlay-type":"","overlay-color":"","overlay-opacity":"","overlay-gradient":""}}},"product_brand":[],"product_cat":[27],"product_tag":[],"class_list":{"0":"post-742","1":"product","2":"type-product","3":"status-publish","4":"has-post-thumbnail","6":"product_cat-sirops-et-koso","7":"desktop-align-left","8":"tablet-align-left","9":"mobile-align-left","11":"first","12":"instock","13":"shipping-taxable","14":"purchasable","15":"product-type-simple"},"yoast_head":"<!-- This site is optimized with the Yoast SEO plugin v27.4 - https:\/\/yoast.com\/product\/yoast-seo-wordpress\/ -->\n<title>Sirop de Gwo ten bio - Sweet OM<\/title>\n<meta name=\"robots\" content=\"index, follow, max-snippet:-1, max-image-preview:large, max-video-preview:-1\" \/>\n<link rel=\"canonical\" href=\"https:\/\/sweetom971.com\/en\/boutique\/sirops-et-koso\/sirop-de-gwo-ten-bio\/\" \/>\n<meta property=\"og:locale\" content=\"en_US\" \/>\n<meta property=\"og:type\" content=\"article\" \/>\n<meta property=\"og:title\" content=\"Sirop de Gwo ten bio - Sweet OM\" \/>\n<meta property=\"og:description\" content=\"Le Gwo ten (Gros Thym) ou Plectranthus amboinicus est une lamiac\u00e9e bien connue de nos rim\u00e8d razy\u00e9 dont le parfum [&hellip;]\" \/>\n<meta property=\"og:url\" content=\"https:\/\/sweetom971.com\/en\/boutique\/sirops-et-koso\/sirop-de-gwo-ten-bio\/\" \/>\n<meta property=\"og:site_name\" content=\"Sweet OM\" \/>\n<meta property=\"article:publisher\" content=\"https:\/\/www.facebook.com\/sweetom971\/?locale=fr_FR\" \/>\n<meta property=\"article:modified_time\" content=\"2025-12-30T17:22:53+00:00\" \/>\n<meta property=\"og:image\" content=\"https:\/\/sweetom971.com\/wp-content\/uploads\/2025\/11\/Sirop-gwo-ten-recto.jpeg\" \/>\n\t<meta property=\"og:image:width\" content=\"1200\" \/>\n\t<meta property=\"og:image:height\" content=\"1600\" \/>\n\t<meta property=\"og:image:type\" content=\"image\/jpeg\" \/>\n<meta name=\"twitter:card\" content=\"summary_large_image\" \/>\n<meta name=\"twitter:label1\" content=\"Est. reading time\" \/>\n\t<meta name=\"twitter:data1\" content=\"1 minute\" \/>\n<script type=\"application\/ld+json\" class=\"yoast-schema-graph\">{\"@context\":\"https:\\\/\\\/schema.org\",\"@graph\":[{\"@type\":\"WebPage\",\"@id\":\"https:\\\/\\\/sweetom971.com\\\/boutique\\\/sirops-et-koso\\\/sirop-de-gwo-ten-bio\\\/\",\"url\":\"https:\\\/\\\/sweetom971.com\\\/boutique\\\/sirops-et-koso\\\/sirop-de-gwo-ten-bio\\\/\",\"name\":\"Sirop de Gwo ten bio - Sweet OM\",\"isPartOf\":{\"@id\":\"https:\\\/\\\/sweetom971.com\\\/#website\"},\"primaryImageOfPage\":{\"@id\":\"https:\\\/\\\/sweetom971.com\\\/boutique\\\/sirops-et-koso\\\/sirop-de-gwo-ten-bio\\\/#primaryimage\"},\"image\":{\"@id\":\"https:\\\/\\\/sweetom971.com\\\/boutique\\\/sirops-et-koso\\\/sirop-de-gwo-ten-bio\\\/#primaryimage\"},\"thumbnailUrl\":\"https:\\\/\\\/sweetom971.com\\\/wp-content\\\/uploads\\\/2025\\\/11\\\/Sirop-gwo-ten-recto.jpeg\",\"datePublished\":\"2025-11-03T20:31:04+00:00\",\"dateModified\":\"2025-12-30T17:22:53+00:00\",\"breadcrumb\":{\"@id\":\"https:\\\/\\\/sweetom971.com\\\/boutique\\\/sirops-et-koso\\\/sirop-de-gwo-ten-bio\\\/#breadcrumb\"},\"inLanguage\":\"en-US\",\"potentialAction\":[{\"@type\":\"ReadAction\",\"target\":[\"https:\\\/\\\/sweetom971.com\\\/boutique\\\/sirops-et-koso\\\/sirop-de-gwo-ten-bio\\\/\"]}]},{\"@type\":\"ImageObject\",\"inLanguage\":\"en-US\",\"@id\":\"https:\\\/\\\/sweetom971.com\\\/boutique\\\/sirops-et-koso\\\/sirop-de-gwo-ten-bio\\\/#primaryimage\",\"url\":\"https:\\\/\\\/sweetom971.com\\\/wp-content\\\/uploads\\\/2025\\\/11\\\/Sirop-gwo-ten-recto.jpeg\",\"contentUrl\":\"https:\\\/\\\/sweetom971.com\\\/wp-content\\\/uploads\\\/2025\\\/11\\\/Sirop-gwo-ten-recto.jpeg\",\"width\":1200,\"height\":1600,\"caption\":\"Sirop gwo ten recto\"},{\"@type\":\"BreadcrumbList\",\"@id\":\"https:\\\/\\\/sweetom971.com\\\/boutique\\\/sirops-et-koso\\\/sirop-de-gwo-ten-bio\\\/#breadcrumb\",\"itemListElement\":[{\"@type\":\"ListItem\",\"position\":1,\"name\":\"Accueil\",\"item\":\"https:\\\/\\\/sweetom971.com\\\/\"},{\"@type\":\"ListItem\",\"position\":2,\"name\":\"Boutique\",\"item\":\"https:\\\/\\\/sweetom971.com\\\/boutique\\\/\"},{\"@type\":\"ListItem\",\"position\":3,\"name\":\"Sirop de Gwo ten bio\"}]},{\"@type\":\"WebSite\",\"@id\":\"https:\\\/\\\/sweetom971.com\\\/#website\",\"url\":\"https:\\\/\\\/sweetom971.com\\\/\",\"name\":\"Sweet OM\",\"description\":\"HOMEMADE &amp; HANDMADE PRODUCTS\",\"publisher\":{\"@id\":\"https:\\\/\\\/sweetom971.com\\\/#organization\"},\"potentialAction\":[{\"@type\":\"SearchAction\",\"target\":{\"@type\":\"EntryPoint\",\"urlTemplate\":\"https:\\\/\\\/sweetom971.com\\\/?s={search_term_string}\"},\"query-input\":{\"@type\":\"PropertyValueSpecification\",\"valueRequired\":true,\"valueName\":\"search_term_string\"}}],\"inLanguage\":\"en-US\"},{\"@type\":\"Organization\",\"@id\":\"https:\\\/\\\/sweetom971.com\\\/#organization\",\"name\":\"Sweet OM\",\"url\":\"https:\\\/\\\/sweetom971.com\\\/\",\"logo\":{\"@type\":\"ImageObject\",\"inLanguage\":\"en-US\",\"@id\":\"https:\\\/\\\/sweetom971.com\\\/#\\\/schema\\\/logo\\\/image\\\/\",\"url\":\"https:\\\/\\\/sweetom971.com\\\/wp-content\\\/uploads\\\/2025\\\/10\\\/cropped-sweet-om-logo-couleur-1.png\",\"contentUrl\":\"https:\\\/\\\/sweetom971.com\\\/wp-content\\\/uploads\\\/2025\\\/10\\\/cropped-sweet-om-logo-couleur-1.png\",\"width\":1999,\"height\":1886,\"caption\":\"Sweet OM\"},\"image\":{\"@id\":\"https:\\\/\\\/sweetom971.com\\\/#\\\/schema\\\/logo\\\/image\\\/\"},\"sameAs\":[\"https:\\\/\\\/www.facebook.com\\\/sweetom971\\\/?locale=fr_FR\",\"https:\\\/\\\/www.instagram.com\\\/sweet_om971\\\/\"]}]}<\/script>\n<!-- \/ Yoast SEO plugin. -->","yoast_head_json":{"title":"Sirop de Gwo ten bio - Sweet OM","robots":{"index":"index","follow":"follow","max-snippet":"max-snippet:-1","max-image-preview":"max-image-preview:large","max-video-preview":"max-video-preview:-1"},"canonical":"https:\/\/sweetom971.com\/en\/boutique\/sirops-et-koso\/sirop-de-gwo-ten-bio\/","og_locale":"en_US","og_type":"article","og_title":"Sirop de Gwo ten bio - Sweet OM","og_description":"Le Gwo ten (Gros Thym) ou Plectranthus amboinicus est une lamiac\u00e9e bien connue de nos rim\u00e8d razy\u00e9 dont le parfum [&hellip;]","og_url":"https:\/\/sweetom971.com\/en\/boutique\/sirops-et-koso\/sirop-de-gwo-ten-bio\/","og_site_name":"Sweet OM","article_publisher":"https:\/\/www.facebook.com\/sweetom971\/?locale=fr_FR","article_modified_time":"2025-12-30T17:22:53+00:00","og_image":[{"width":1200,"height":1600,"url":"https:\/\/sweetom971.com\/wp-content\/uploads\/2025\/11\/Sirop-gwo-ten-recto.jpeg","type":"image\/jpeg"}],"twitter_card":"summary_large_image","twitter_misc":{"Est. reading time":"1 minute"},"schema":{"@context":"https:\/\/schema.org","@graph":[{"@type":"WebPage","@id":"https:\/\/sweetom971.com\/boutique\/sirops-et-koso\/sirop-de-gwo-ten-bio\/","url":"https:\/\/sweetom971.com\/boutique\/sirops-et-koso\/sirop-de-gwo-ten-bio\/","name":"Sirop de Gwo ten bio - Sweet OM","isPartOf":{"@id":"https:\/\/sweetom971.com\/#website"},"primaryImageOfPage":{"@id":"https:\/\/sweetom971.com\/boutique\/sirops-et-koso\/sirop-de-gwo-ten-bio\/#primaryimage"},"image":{"@id":"https:\/\/sweetom971.com\/boutique\/sirops-et-koso\/sirop-de-gwo-ten-bio\/#primaryimage"},"thumbnailUrl":"https:\/\/sweetom971.com\/wp-content\/uploads\/2025\/11\/Sirop-gwo-ten-recto.jpeg","datePublished":"2025-11-03T20:31:04+00:00","dateModified":"2025-12-30T17:22:53+00:00","breadcrumb":{"@id":"https:\/\/sweetom971.com\/boutique\/sirops-et-koso\/sirop-de-gwo-ten-bio\/#breadcrumb"},"inLanguage":"en-US","potentialAction":[{"@type":"ReadAction","target":["https:\/\/sweetom971.com\/boutique\/sirops-et-koso\/sirop-de-gwo-ten-bio\/"]}]},{"@type":"ImageObject","inLanguage":"en-US","@id":"https:\/\/sweetom971.com\/boutique\/sirops-et-koso\/sirop-de-gwo-ten-bio\/#primaryimage","url":"https:\/\/sweetom971.com\/wp-content\/uploads\/2025\/11\/Sirop-gwo-ten-recto.jpeg","contentUrl":"https:\/\/sweetom971.com\/wp-content\/uploads\/2025\/11\/Sirop-gwo-ten-recto.jpeg","width":1200,"height":1600,"caption":"Sirop gwo ten recto"},{"@type":"BreadcrumbList","@id":"https:\/\/sweetom971.com\/boutique\/sirops-et-koso\/sirop-de-gwo-ten-bio\/#breadcrumb","itemListElement":[{"@type":"ListItem","position":1,"name":"Accueil","item":"https:\/\/sweetom971.com\/"},{"@type":"ListItem","position":2,"name":"Boutique","item":"https:\/\/sweetom971.com\/boutique\/"},{"@type":"ListItem","position":3,"name":"Sirop de Gwo ten bio"}]},{"@type":"WebSite","@id":"https:\/\/sweetom971.com\/#website","url":"https:\/\/sweetom971.com\/","name":"Sweet OM","description":"HOMEMADE &amp; HANDMADE PRODUCTS","publisher":{"@id":"https:\/\/sweetom971.com\/#organization"},"potentialAction":[{"@type":"SearchAction","target":{"@type":"EntryPoint","urlTemplate":"https:\/\/sweetom971.com\/?s={search_term_string}"},"query-input":{"@type":"PropertyValueSpecification","valueRequired":true,"valueName":"search_term_string"}}],"inLanguage":"en-US"},{"@type":"Organization","@id":"https:\/\/sweetom971.com\/#organization","name":"Sweet OM","url":"https:\/\/sweetom971.com\/","logo":{"@type":"ImageObject","inLanguage":"en-US","@id":"https:\/\/sweetom971.com\/#\/schema\/logo\/image\/","url":"https:\/\/sweetom971.com\/wp-content\/uploads\/2025\/10\/cropped-sweet-om-logo-couleur-1.png","contentUrl":"https:\/\/sweetom971.com\/wp-content\/uploads\/2025\/10\/cropped-sweet-om-logo-couleur-1.png","width":1999,"height":1886,"caption":"Sweet OM"},"image":{"@id":"https:\/\/sweetom971.com\/#\/schema\/logo\/image\/"},"sameAs":["https:\/\/www.facebook.com\/sweetom971\/?locale=fr_FR","https:\/\/www.instagram.com\/sweet_om971\/"]}]}},"_links":{"self":[{"href":"https:\/\/sweetom971.com\/en\/wp-json\/wp\/v2\/product\/742","targetHints":{"allow":["GET"]}}],"collection":[{"href":"https:\/\/sweetom971.com\/en\/wp-json\/wp\/v2\/product"}],"about":[{"href":"https:\/\/sweetom971.com\/en\/wp-json\/wp\/v2\/types\/product"}],"replies":[{"embeddable":true,"href":"https:\/\/sweetom971.com\/en\/wp-json\/wp\/v2\/comments?post=742"}],"wp:featuredmedia":[{"embeddable":true,"href":"https:\/\/sweetom971.com\/en\/wp-json\/wp\/v2\/media\/716"}],"wp:attachment":[{"href":"https:\/\/sweetom971.com\/en\/wp-json\/wp\/v2\/media?parent=742"}],"wp:term":[{"taxonomy":"product_brand","embeddable":true,"href":"https:\/\/sweetom971.com\/en\/wp-json\/wp\/v2\/product_brand?post=742"},{"taxonomy":"product_cat","embeddable":true,"href":"https:\/\/sweetom971.com\/en\/wp-json\/wp\/v2\/product_cat?post=742"},{"taxonomy":"product_tag","embeddable":true,"href":"https:\/\/sweetom971.com\/en\/wp-json\/wp\/v2\/product_tag?post=742"}],"curies":[{"name":"wp","href":"https:\/\/api.w.org\/{rel}","templated":true}]}}