{"id":702,"date":"2025-11-03T12:58:28","date_gmt":"2025-11-03T16:58:28","guid":{"rendered":"https:\/\/sweetom971.com\/?post_type=product&#038;p=702"},"modified":"2025-11-03T12:58:28","modified_gmt":"2025-11-03T16:58:28","slug":"the-bleu-bio-clitoria-ternatea","status":"publish","type":"product","link":"https:\/\/sweetom971.com\/en\/boutique\/infusions\/the-bleu-bio-clitoria-ternatea\/","title":{"rendered":"Th\u00e9 bleu bio (Clitoria ternatea)"},"content":{"rendered":"<p>Notre th\u00e9 bleu renvoie \u00e0 la clitoria pour sa belle robe indigo. La clitoria ternatea, parfois appel\u00e9e pois bleu ou pois papillon, est une l\u00e9gumineuse dont la fleur est comestible et pr\u00e9sente un grand nombre de vertus notamment :<\/p>\n<ul>\n<li>Anti-oxydante<\/li>\n<li>anti-stress et adaptog\u00e8ne<\/li>\n<li>anti-inflammatoire<\/li>\n<li>aphrodisiaque<\/li>\n<li>favorise le bon fonctionnement cognitif et neuronal<\/li>\n<li>aide \u00e0 ralentir le vieillissement de la peau ( stimule la production d&rsquo;acide hyaluronique)<\/li>\n<li>Soulage les douleurs occulaires<\/li>\n<li>d\u00e9contractante<\/li>\n<li>aide \u00e0 soulager les douleurs menstruelles, bouff\u00e9es de chaleur<\/li>\n<\/ul>\n<p>Notre th\u00e9 bleu peut-\u00eatre consomm\u00e9 en tisane \u00e0 tout moment de la journ\u00e9e.<\/p>","protected":false},"excerpt":{"rendered":"<p>Notre th\u00e9 bleu renvoie \u00e0 la clitoria pour sa belle robe indigo. La clitoria ternatea, parfois appel\u00e9e pois bleu ou [&hellip;]<\/p>\n","protected":false},"featured_media":676,"comment_status":"open","ping_status":"closed","template":"","meta":{"site-sidebar-layout":"default","site-content-layout":"","ast-site-content-layout":"default","site-content-style":"default","site-sidebar-style":"default","ast-global-header-display":"","ast-banner-title-visibility":"","ast-main-header-display":"","ast-hfb-above-header-display":"","ast-hfb-below-header-display":"","ast-hfb-mobile-header-display":"","site-post-title":"","ast-breadcrumbs-content":"","ast-featured-img":"","footer-sml-layout":"","ast-disable-related-posts":"","theme-transparent-header-meta":"default","adv-header-id-meta":"","stick-header-meta":"","header-above-stick-meta":"","header-main-stick-meta":"","header-below-stick-meta":"","astra-migrate-meta-layouts":"set","ast-page-background-enabled":"default","ast-page-background-meta":{"desktop":{"background-color":"var(--ast-global-color-5)","background-image":"","background-repeat":"repeat","background-position":"center center","background-size":"auto","background-attachment":"scroll","background-type":"","background-media":"","overlay-type":"","overlay-color":"","overlay-opacity":"","overlay-gradient":""},"tablet":{"background-color":"","background-image":"","background-repeat":"repeat","background-position":"center center","background-size":"auto","background-attachment":"scroll","background-type":"","background-media":"","overlay-type":"","overlay-color":"","overlay-opacity":"","overlay-gradient":""},"mobile":{"background-color":"","background-image":"","background-repeat":"repeat","background-position":"center center","background-size":"auto","background-attachment":"scroll","background-type":"","background-media":"","overlay-type":"","overlay-color":"","overlay-opacity":"","overlay-gradient":""}},"ast-content-background-meta":{"desktop":{"background-color":"var(--ast-global-color-4)","background-image":"","background-repeat":"repeat","background-position":"center center","background-size":"auto","background-attachment":"scroll","background-type":"","background-media":"","overlay-type":"","overlay-color":"","overlay-opacity":"","overlay-gradient":""},"tablet":{"background-color":"var(--ast-global-color-4)","background-image":"","background-repeat":"repeat","background-position":"center center","background-size":"auto","background-attachment":"scroll","background-type":"","background-media":"","overlay-type":"","overlay-color":"","overlay-opacity":"","overlay-gradient":""},"mobile":{"background-color":"var(--ast-global-color-4)","background-image":"","background-repeat":"repeat","background-position":"center center","background-size":"auto","background-attachment":"scroll","background-type":"","background-media":"","overlay-type":"","overlay-color":"","overlay-opacity":"","overlay-gradient":""}}},"product_brand":[],"product_cat":[26],"product_tag":[],"class_list":{"0":"post-702","1":"product","2":"type-product","3":"status-publish","4":"has-post-thumbnail","6":"product_cat-infusions","7":"desktop-align-left","8":"tablet-align-left","9":"mobile-align-left","11":"first","12":"outofstock","13":"shipping-taxable","14":"purchasable","15":"product-type-simple"},"yoast_head":"<!-- This site is optimized with the Yoast SEO plugin v27.4 - https:\/\/yoast.com\/product\/yoast-seo-wordpress\/ -->\n<title>Th\u00e9 bleu bio (Clitoria ternatea) - Sweet OM<\/title>\n<meta name=\"robots\" content=\"index, follow, max-snippet:-1, max-image-preview:large, max-video-preview:-1\" \/>\n<link rel=\"canonical\" href=\"https:\/\/sweetom971.com\/en\/boutique\/infusions\/the-bleu-bio-clitoria-ternatea\/\" \/>\n<meta property=\"og:locale\" content=\"en_US\" \/>\n<meta property=\"og:type\" content=\"article\" \/>\n<meta property=\"og:title\" content=\"Th\u00e9 bleu bio (Clitoria ternatea) - Sweet OM\" \/>\n<meta property=\"og:description\" content=\"Notre th\u00e9 bleu renvoie \u00e0 la clitoria pour sa belle robe indigo. La clitoria ternatea, parfois appel\u00e9e pois bleu ou [&hellip;]\" \/>\n<meta property=\"og:url\" content=\"https:\/\/sweetom971.com\/en\/boutique\/infusions\/the-bleu-bio-clitoria-ternatea\/\" \/>\n<meta property=\"og:site_name\" content=\"Sweet OM\" \/>\n<meta property=\"article:publisher\" content=\"https:\/\/www.facebook.com\/sweetom971\/?locale=fr_FR\" \/>\n<meta property=\"og:image\" content=\"https:\/\/sweetom971.com\/wp-content\/uploads\/2025\/11\/Infusion-thebleu.jpg\" \/>\n\t<meta property=\"og:image:width\" content=\"1200\" \/>\n\t<meta property=\"og:image:height\" content=\"1599\" \/>\n\t<meta property=\"og:image:type\" content=\"image\/jpeg\" \/>\n<meta name=\"twitter:card\" content=\"summary_large_image\" \/>\n<script type=\"application\/ld+json\" class=\"yoast-schema-graph\">{\"@context\":\"https:\\\/\\\/schema.org\",\"@graph\":[{\"@type\":\"WebPage\",\"@id\":\"https:\\\/\\\/sweetom971.com\\\/boutique\\\/infusions\\\/the-bleu-bio-clitoria-ternatea\\\/\",\"url\":\"https:\\\/\\\/sweetom971.com\\\/boutique\\\/infusions\\\/the-bleu-bio-clitoria-ternatea\\\/\",\"name\":\"Th\u00e9 bleu bio (Clitoria ternatea) - Sweet OM\",\"isPartOf\":{\"@id\":\"https:\\\/\\\/sweetom971.com\\\/#website\"},\"primaryImageOfPage\":{\"@id\":\"https:\\\/\\\/sweetom971.com\\\/boutique\\\/infusions\\\/the-bleu-bio-clitoria-ternatea\\\/#primaryimage\"},\"image\":{\"@id\":\"https:\\\/\\\/sweetom971.com\\\/boutique\\\/infusions\\\/the-bleu-bio-clitoria-ternatea\\\/#primaryimage\"},\"thumbnailUrl\":\"https:\\\/\\\/sweetom971.com\\\/wp-content\\\/uploads\\\/2025\\\/11\\\/Infusion-thebleu.jpg\",\"datePublished\":\"2025-11-03T16:58:28+00:00\",\"breadcrumb\":{\"@id\":\"https:\\\/\\\/sweetom971.com\\\/boutique\\\/infusions\\\/the-bleu-bio-clitoria-ternatea\\\/#breadcrumb\"},\"inLanguage\":\"en-US\",\"potentialAction\":[{\"@type\":\"ReadAction\",\"target\":[\"https:\\\/\\\/sweetom971.com\\\/boutique\\\/infusions\\\/the-bleu-bio-clitoria-ternatea\\\/\"]}]},{\"@type\":\"ImageObject\",\"inLanguage\":\"en-US\",\"@id\":\"https:\\\/\\\/sweetom971.com\\\/boutique\\\/infusions\\\/the-bleu-bio-clitoria-ternatea\\\/#primaryimage\",\"url\":\"https:\\\/\\\/sweetom971.com\\\/wp-content\\\/uploads\\\/2025\\\/11\\\/Infusion-thebleu.jpg\",\"contentUrl\":\"https:\\\/\\\/sweetom971.com\\\/wp-content\\\/uploads\\\/2025\\\/11\\\/Infusion-thebleu.jpg\",\"width\":1200,\"height\":1599,\"caption\":\"Infusion thebleu\"},{\"@type\":\"BreadcrumbList\",\"@id\":\"https:\\\/\\\/sweetom971.com\\\/boutique\\\/infusions\\\/the-bleu-bio-clitoria-ternatea\\\/#breadcrumb\",\"itemListElement\":[{\"@type\":\"ListItem\",\"position\":1,\"name\":\"Accueil\",\"item\":\"https:\\\/\\\/sweetom971.com\\\/\"},{\"@type\":\"ListItem\",\"position\":2,\"name\":\"Boutique\",\"item\":\"https:\\\/\\\/sweetom971.com\\\/boutique\\\/\"},{\"@type\":\"ListItem\",\"position\":3,\"name\":\"Th\u00e9 bleu bio (Clitoria ternatea)\"}]},{\"@type\":\"WebSite\",\"@id\":\"https:\\\/\\\/sweetom971.com\\\/#website\",\"url\":\"https:\\\/\\\/sweetom971.com\\\/\",\"name\":\"Sweet OM\",\"description\":\"HOMEMADE &amp; HANDMADE PRODUCTS\",\"publisher\":{\"@id\":\"https:\\\/\\\/sweetom971.com\\\/#organization\"},\"potentialAction\":[{\"@type\":\"SearchAction\",\"target\":{\"@type\":\"EntryPoint\",\"urlTemplate\":\"https:\\\/\\\/sweetom971.com\\\/?s={search_term_string}\"},\"query-input\":{\"@type\":\"PropertyValueSpecification\",\"valueRequired\":true,\"valueName\":\"search_term_string\"}}],\"inLanguage\":\"en-US\"},{\"@type\":\"Organization\",\"@id\":\"https:\\\/\\\/sweetom971.com\\\/#organization\",\"name\":\"Sweet OM\",\"url\":\"https:\\\/\\\/sweetom971.com\\\/\",\"logo\":{\"@type\":\"ImageObject\",\"inLanguage\":\"en-US\",\"@id\":\"https:\\\/\\\/sweetom971.com\\\/#\\\/schema\\\/logo\\\/image\\\/\",\"url\":\"https:\\\/\\\/sweetom971.com\\\/wp-content\\\/uploads\\\/2025\\\/10\\\/cropped-sweet-om-logo-couleur-1.png\",\"contentUrl\":\"https:\\\/\\\/sweetom971.com\\\/wp-content\\\/uploads\\\/2025\\\/10\\\/cropped-sweet-om-logo-couleur-1.png\",\"width\":1999,\"height\":1886,\"caption\":\"Sweet OM\"},\"image\":{\"@id\":\"https:\\\/\\\/sweetom971.com\\\/#\\\/schema\\\/logo\\\/image\\\/\"},\"sameAs\":[\"https:\\\/\\\/www.facebook.com\\\/sweetom971\\\/?locale=fr_FR\",\"https:\\\/\\\/www.instagram.com\\\/sweet_om971\\\/\"]}]}<\/script>\n<!-- \/ Yoast SEO plugin. -->","yoast_head_json":{"title":"Th\u00e9 bleu bio (Clitoria ternatea) - Sweet OM","robots":{"index":"index","follow":"follow","max-snippet":"max-snippet:-1","max-image-preview":"max-image-preview:large","max-video-preview":"max-video-preview:-1"},"canonical":"https:\/\/sweetom971.com\/en\/boutique\/infusions\/the-bleu-bio-clitoria-ternatea\/","og_locale":"en_US","og_type":"article","og_title":"Th\u00e9 bleu bio (Clitoria ternatea) - Sweet OM","og_description":"Notre th\u00e9 bleu renvoie \u00e0 la clitoria pour sa belle robe indigo. La clitoria ternatea, parfois appel\u00e9e pois bleu ou [&hellip;]","og_url":"https:\/\/sweetom971.com\/en\/boutique\/infusions\/the-bleu-bio-clitoria-ternatea\/","og_site_name":"Sweet OM","article_publisher":"https:\/\/www.facebook.com\/sweetom971\/?locale=fr_FR","og_image":[{"width":1200,"height":1599,"url":"https:\/\/sweetom971.com\/wp-content\/uploads\/2025\/11\/Infusion-thebleu.jpg","type":"image\/jpeg"}],"twitter_card":"summary_large_image","schema":{"@context":"https:\/\/schema.org","@graph":[{"@type":"WebPage","@id":"https:\/\/sweetom971.com\/boutique\/infusions\/the-bleu-bio-clitoria-ternatea\/","url":"https:\/\/sweetom971.com\/boutique\/infusions\/the-bleu-bio-clitoria-ternatea\/","name":"Th\u00e9 bleu bio (Clitoria ternatea) - Sweet OM","isPartOf":{"@id":"https:\/\/sweetom971.com\/#website"},"primaryImageOfPage":{"@id":"https:\/\/sweetom971.com\/boutique\/infusions\/the-bleu-bio-clitoria-ternatea\/#primaryimage"},"image":{"@id":"https:\/\/sweetom971.com\/boutique\/infusions\/the-bleu-bio-clitoria-ternatea\/#primaryimage"},"thumbnailUrl":"https:\/\/sweetom971.com\/wp-content\/uploads\/2025\/11\/Infusion-thebleu.jpg","datePublished":"2025-11-03T16:58:28+00:00","breadcrumb":{"@id":"https:\/\/sweetom971.com\/boutique\/infusions\/the-bleu-bio-clitoria-ternatea\/#breadcrumb"},"inLanguage":"en-US","potentialAction":[{"@type":"ReadAction","target":["https:\/\/sweetom971.com\/boutique\/infusions\/the-bleu-bio-clitoria-ternatea\/"]}]},{"@type":"ImageObject","inLanguage":"en-US","@id":"https:\/\/sweetom971.com\/boutique\/infusions\/the-bleu-bio-clitoria-ternatea\/#primaryimage","url":"https:\/\/sweetom971.com\/wp-content\/uploads\/2025\/11\/Infusion-thebleu.jpg","contentUrl":"https:\/\/sweetom971.com\/wp-content\/uploads\/2025\/11\/Infusion-thebleu.jpg","width":1200,"height":1599,"caption":"Infusion thebleu"},{"@type":"BreadcrumbList","@id":"https:\/\/sweetom971.com\/boutique\/infusions\/the-bleu-bio-clitoria-ternatea\/#breadcrumb","itemListElement":[{"@type":"ListItem","position":1,"name":"Accueil","item":"https:\/\/sweetom971.com\/"},{"@type":"ListItem","position":2,"name":"Boutique","item":"https:\/\/sweetom971.com\/boutique\/"},{"@type":"ListItem","position":3,"name":"Th\u00e9 bleu bio (Clitoria ternatea)"}]},{"@type":"WebSite","@id":"https:\/\/sweetom971.com\/#website","url":"https:\/\/sweetom971.com\/","name":"Sweet OM","description":"HOMEMADE &amp; HANDMADE PRODUCTS","publisher":{"@id":"https:\/\/sweetom971.com\/#organization"},"potentialAction":[{"@type":"SearchAction","target":{"@type":"EntryPoint","urlTemplate":"https:\/\/sweetom971.com\/?s={search_term_string}"},"query-input":{"@type":"PropertyValueSpecification","valueRequired":true,"valueName":"search_term_string"}}],"inLanguage":"en-US"},{"@type":"Organization","@id":"https:\/\/sweetom971.com\/#organization","name":"Sweet OM","url":"https:\/\/sweetom971.com\/","logo":{"@type":"ImageObject","inLanguage":"en-US","@id":"https:\/\/sweetom971.com\/#\/schema\/logo\/image\/","url":"https:\/\/sweetom971.com\/wp-content\/uploads\/2025\/10\/cropped-sweet-om-logo-couleur-1.png","contentUrl":"https:\/\/sweetom971.com\/wp-content\/uploads\/2025\/10\/cropped-sweet-om-logo-couleur-1.png","width":1999,"height":1886,"caption":"Sweet OM"},"image":{"@id":"https:\/\/sweetom971.com\/#\/schema\/logo\/image\/"},"sameAs":["https:\/\/www.facebook.com\/sweetom971\/?locale=fr_FR","https:\/\/www.instagram.com\/sweet_om971\/"]}]}},"_links":{"self":[{"href":"https:\/\/sweetom971.com\/en\/wp-json\/wp\/v2\/product\/702","targetHints":{"allow":["GET"]}}],"collection":[{"href":"https:\/\/sweetom971.com\/en\/wp-json\/wp\/v2\/product"}],"about":[{"href":"https:\/\/sweetom971.com\/en\/wp-json\/wp\/v2\/types\/product"}],"replies":[{"embeddable":true,"href":"https:\/\/sweetom971.com\/en\/wp-json\/wp\/v2\/comments?post=702"}],"wp:featuredmedia":[{"embeddable":true,"href":"https:\/\/sweetom971.com\/en\/wp-json\/wp\/v2\/media\/676"}],"wp:attachment":[{"href":"https:\/\/sweetom971.com\/en\/wp-json\/wp\/v2\/media?parent=702"}],"wp:term":[{"taxonomy":"product_brand","embeddable":true,"href":"https:\/\/sweetom971.com\/en\/wp-json\/wp\/v2\/product_brand?post=702"},{"taxonomy":"product_cat","embeddable":true,"href":"https:\/\/sweetom971.com\/en\/wp-json\/wp\/v2\/product_cat?post=702"},{"taxonomy":"product_tag","embeddable":true,"href":"https:\/\/sweetom971.com\/en\/wp-json\/wp\/v2\/product_tag?post=702"}],"curies":[{"name":"wp","href":"https:\/\/api.w.org\/{rel}","templated":true}]}}