{"id":1197,"date":"2026-01-12T15:05:12","date_gmt":"2026-01-12T19:05:12","guid":{"rendered":"https:\/\/sweetom971.com\/?post_type=product&#038;p=1197"},"modified":"2026-01-12T15:07:56","modified_gmt":"2026-01-12T19:07:56","slug":"doliprane-bio","status":"publish","type":"product","link":"https:\/\/sweetom971.com\/en\/boutique\/plantes-aromatiques-medicinales\/doliprane-bio\/","title":{"rendered":"Doliprane bio"},"content":{"rendered":"<p><span data-sheets-root=\"1\">Le doliprane ( plechtranthus neochilus) est une lamiac\u00e9e au parfum fort qui \u00e9voque l&rsquo;origan et la menthe sauvage. En tisane, les feuilles sont utilis\u00e9es pour soulager les maux de t\u00eate.<\/span><\/p>","protected":false},"excerpt":{"rendered":"<p>Le doliprane ( plechtranthus neochilus) est une lamiac\u00e9e au parfum fort qui \u00e9voque l&rsquo;origan et la menthe sauvage. En tisane, [&hellip;]<\/p>\n","protected":false},"featured_media":1198,"comment_status":"open","ping_status":"closed","template":"","meta":{"site-sidebar-layout":"default","site-content-layout":"","ast-site-content-layout":"default","site-content-style":"default","site-sidebar-style":"default","ast-global-header-display":"","ast-banner-title-visibility":"","ast-main-header-display":"","ast-hfb-above-header-display":"","ast-hfb-below-header-display":"","ast-hfb-mobile-header-display":"","site-post-title":"","ast-breadcrumbs-content":"","ast-featured-img":"","footer-sml-layout":"","ast-disable-related-posts":"","theme-transparent-header-meta":"default","adv-header-id-meta":"","stick-header-meta":"","header-above-stick-meta":"","header-main-stick-meta":"","header-below-stick-meta":"","astra-migrate-meta-layouts":"set","ast-page-background-enabled":"default","ast-page-background-meta":{"desktop":{"background-color":"var(--ast-global-color-5)","background-image":"","background-repeat":"repeat","background-position":"center center","background-size":"auto","background-attachment":"scroll","background-type":"","background-media":"","overlay-type":"","overlay-color":"","overlay-opacity":"","overlay-gradient":""},"tablet":{"background-color":"","background-image":"","background-repeat":"repeat","background-position":"center center","background-size":"auto","background-attachment":"scroll","background-type":"","background-media":"","overlay-type":"","overlay-color":"","overlay-opacity":"","overlay-gradient":""},"mobile":{"background-color":"","background-image":"","background-repeat":"repeat","background-position":"center center","background-size":"auto","background-attachment":"scroll","background-type":"","background-media":"","overlay-type":"","overlay-color":"","overlay-opacity":"","overlay-gradient":""}},"ast-content-background-meta":{"desktop":{"background-color":"var(--ast-global-color-4)","background-image":"","background-repeat":"repeat","background-position":"center center","background-size":"auto","background-attachment":"scroll","background-type":"","background-media":"","overlay-type":"","overlay-color":"","overlay-opacity":"","overlay-gradient":""},"tablet":{"background-color":"var(--ast-global-color-4)","background-image":"","background-repeat":"repeat","background-position":"center center","background-size":"auto","background-attachment":"scroll","background-type":"","background-media":"","overlay-type":"","overlay-color":"","overlay-opacity":"","overlay-gradient":""},"mobile":{"background-color":"var(--ast-global-color-4)","background-image":"","background-repeat":"repeat","background-position":"center center","background-size":"auto","background-attachment":"scroll","background-type":"","background-media":"","overlay-type":"","overlay-color":"","overlay-opacity":"","overlay-gradient":""}}},"product_brand":[],"product_cat":[28],"product_tag":[],"class_list":{"0":"post-1197","1":"product","2":"type-product","3":"status-publish","4":"has-post-thumbnail","6":"product_cat-plantes-aromatiques-medicinales","7":"desktop-align-left","8":"tablet-align-left","9":"mobile-align-left","11":"first","12":"instock","13":"shipping-taxable","14":"purchasable","15":"product-type-simple"},"yoast_head":"<!-- This site is optimized with the Yoast SEO plugin v27.4 - https:\/\/yoast.com\/product\/yoast-seo-wordpress\/ -->\n<title>Doliprane bio - Sweet OM<\/title>\n<meta name=\"robots\" content=\"index, follow, max-snippet:-1, max-image-preview:large, max-video-preview:-1\" \/>\n<link rel=\"canonical\" href=\"https:\/\/sweetom971.com\/en\/boutique\/plantes-aromatiques-medicinales\/doliprane-bio\/\" \/>\n<meta property=\"og:locale\" content=\"en_US\" \/>\n<meta property=\"og:type\" content=\"article\" \/>\n<meta property=\"og:title\" content=\"Doliprane bio - Sweet OM\" \/>\n<meta property=\"og:description\" content=\"Le doliprane ( plechtranthus neochilus) est une lamiac\u00e9e au parfum fort qui \u00e9voque l&rsquo;origan et la menthe sauvage. En tisane, [&hellip;]\" \/>\n<meta property=\"og:url\" content=\"https:\/\/sweetom971.com\/en\/boutique\/plantes-aromatiques-medicinales\/doliprane-bio\/\" \/>\n<meta property=\"og:site_name\" content=\"Sweet OM\" \/>\n<meta property=\"article:publisher\" content=\"https:\/\/www.facebook.com\/sweetom971\/?locale=fr_FR\" \/>\n<meta property=\"article:modified_time\" content=\"2026-01-12T19:07:56+00:00\" \/>\n<meta property=\"og:image\" content=\"https:\/\/sweetom971.com\/wp-content\/uploads\/2026\/01\/Doliprane-bio2.png\" \/>\n\t<meta property=\"og:image:width\" content=\"480\" \/>\n\t<meta property=\"og:image:height\" content=\"639\" \/>\n\t<meta property=\"og:image:type\" content=\"image\/png\" \/>\n<meta name=\"twitter:card\" content=\"summary_large_image\" \/>\n<meta name=\"twitter:label1\" content=\"Est. reading time\" \/>\n\t<meta name=\"twitter:data1\" content=\"1 minute\" \/>\n<script type=\"application\/ld+json\" class=\"yoast-schema-graph\">{\"@context\":\"https:\\\/\\\/schema.org\",\"@graph\":[{\"@type\":\"WebPage\",\"@id\":\"https:\\\/\\\/sweetom971.com\\\/boutique\\\/plantes-aromatiques-medicinales\\\/doliprane-bio\\\/\",\"url\":\"https:\\\/\\\/sweetom971.com\\\/boutique\\\/plantes-aromatiques-medicinales\\\/doliprane-bio\\\/\",\"name\":\"Doliprane bio - Sweet OM\",\"isPartOf\":{\"@id\":\"https:\\\/\\\/sweetom971.com\\\/#website\"},\"primaryImageOfPage\":{\"@id\":\"https:\\\/\\\/sweetom971.com\\\/boutique\\\/plantes-aromatiques-medicinales\\\/doliprane-bio\\\/#primaryimage\"},\"image\":{\"@id\":\"https:\\\/\\\/sweetom971.com\\\/boutique\\\/plantes-aromatiques-medicinales\\\/doliprane-bio\\\/#primaryimage\"},\"thumbnailUrl\":\"https:\\\/\\\/sweetom971.com\\\/wp-content\\\/uploads\\\/2026\\\/01\\\/Doliprane-bio2.png\",\"datePublished\":\"2026-01-12T19:05:12+00:00\",\"dateModified\":\"2026-01-12T19:07:56+00:00\",\"breadcrumb\":{\"@id\":\"https:\\\/\\\/sweetom971.com\\\/boutique\\\/plantes-aromatiques-medicinales\\\/doliprane-bio\\\/#breadcrumb\"},\"inLanguage\":\"en-US\",\"potentialAction\":[{\"@type\":\"ReadAction\",\"target\":[\"https:\\\/\\\/sweetom971.com\\\/boutique\\\/plantes-aromatiques-medicinales\\\/doliprane-bio\\\/\"]}]},{\"@type\":\"ImageObject\",\"inLanguage\":\"en-US\",\"@id\":\"https:\\\/\\\/sweetom971.com\\\/boutique\\\/plantes-aromatiques-medicinales\\\/doliprane-bio\\\/#primaryimage\",\"url\":\"https:\\\/\\\/sweetom971.com\\\/wp-content\\\/uploads\\\/2026\\\/01\\\/Doliprane-bio2.png\",\"contentUrl\":\"https:\\\/\\\/sweetom971.com\\\/wp-content\\\/uploads\\\/2026\\\/01\\\/Doliprane-bio2.png\",\"width\":480,\"height\":639,\"caption\":\"Doliprane bio\"},{\"@type\":\"BreadcrumbList\",\"@id\":\"https:\\\/\\\/sweetom971.com\\\/boutique\\\/plantes-aromatiques-medicinales\\\/doliprane-bio\\\/#breadcrumb\",\"itemListElement\":[{\"@type\":\"ListItem\",\"position\":1,\"name\":\"Accueil\",\"item\":\"https:\\\/\\\/sweetom971.com\\\/\"},{\"@type\":\"ListItem\",\"position\":2,\"name\":\"Boutique\",\"item\":\"https:\\\/\\\/sweetom971.com\\\/boutique\\\/\"},{\"@type\":\"ListItem\",\"position\":3,\"name\":\"Doliprane bio\"}]},{\"@type\":\"WebSite\",\"@id\":\"https:\\\/\\\/sweetom971.com\\\/#website\",\"url\":\"https:\\\/\\\/sweetom971.com\\\/\",\"name\":\"Sweet OM\",\"description\":\"HOMEMADE &amp; HANDMADE PRODUCTS\",\"publisher\":{\"@id\":\"https:\\\/\\\/sweetom971.com\\\/#organization\"},\"potentialAction\":[{\"@type\":\"SearchAction\",\"target\":{\"@type\":\"EntryPoint\",\"urlTemplate\":\"https:\\\/\\\/sweetom971.com\\\/?s={search_term_string}\"},\"query-input\":{\"@type\":\"PropertyValueSpecification\",\"valueRequired\":true,\"valueName\":\"search_term_string\"}}],\"inLanguage\":\"en-US\"},{\"@type\":\"Organization\",\"@id\":\"https:\\\/\\\/sweetom971.com\\\/#organization\",\"name\":\"Sweet OM\",\"url\":\"https:\\\/\\\/sweetom971.com\\\/\",\"logo\":{\"@type\":\"ImageObject\",\"inLanguage\":\"en-US\",\"@id\":\"https:\\\/\\\/sweetom971.com\\\/#\\\/schema\\\/logo\\\/image\\\/\",\"url\":\"https:\\\/\\\/sweetom971.com\\\/wp-content\\\/uploads\\\/2025\\\/10\\\/cropped-sweet-om-logo-couleur-1.png\",\"contentUrl\":\"https:\\\/\\\/sweetom971.com\\\/wp-content\\\/uploads\\\/2025\\\/10\\\/cropped-sweet-om-logo-couleur-1.png\",\"width\":1999,\"height\":1886,\"caption\":\"Sweet OM\"},\"image\":{\"@id\":\"https:\\\/\\\/sweetom971.com\\\/#\\\/schema\\\/logo\\\/image\\\/\"},\"sameAs\":[\"https:\\\/\\\/www.facebook.com\\\/sweetom971\\\/?locale=fr_FR\",\"https:\\\/\\\/www.instagram.com\\\/sweet_om971\\\/\"]}]}<\/script>\n<!-- \/ Yoast SEO plugin. -->","yoast_head_json":{"title":"Doliprane bio - Sweet OM","robots":{"index":"index","follow":"follow","max-snippet":"max-snippet:-1","max-image-preview":"max-image-preview:large","max-video-preview":"max-video-preview:-1"},"canonical":"https:\/\/sweetom971.com\/en\/boutique\/plantes-aromatiques-medicinales\/doliprane-bio\/","og_locale":"en_US","og_type":"article","og_title":"Doliprane bio - Sweet OM","og_description":"Le doliprane ( plechtranthus neochilus) est une lamiac\u00e9e au parfum fort qui \u00e9voque l&rsquo;origan et la menthe sauvage. En tisane, [&hellip;]","og_url":"https:\/\/sweetom971.com\/en\/boutique\/plantes-aromatiques-medicinales\/doliprane-bio\/","og_site_name":"Sweet OM","article_publisher":"https:\/\/www.facebook.com\/sweetom971\/?locale=fr_FR","article_modified_time":"2026-01-12T19:07:56+00:00","og_image":[{"width":480,"height":639,"url":"https:\/\/sweetom971.com\/wp-content\/uploads\/2026\/01\/Doliprane-bio2.png","type":"image\/png"}],"twitter_card":"summary_large_image","twitter_misc":{"Est. reading time":"1 minute"},"schema":{"@context":"https:\/\/schema.org","@graph":[{"@type":"WebPage","@id":"https:\/\/sweetom971.com\/boutique\/plantes-aromatiques-medicinales\/doliprane-bio\/","url":"https:\/\/sweetom971.com\/boutique\/plantes-aromatiques-medicinales\/doliprane-bio\/","name":"Doliprane bio - Sweet OM","isPartOf":{"@id":"https:\/\/sweetom971.com\/#website"},"primaryImageOfPage":{"@id":"https:\/\/sweetom971.com\/boutique\/plantes-aromatiques-medicinales\/doliprane-bio\/#primaryimage"},"image":{"@id":"https:\/\/sweetom971.com\/boutique\/plantes-aromatiques-medicinales\/doliprane-bio\/#primaryimage"},"thumbnailUrl":"https:\/\/sweetom971.com\/wp-content\/uploads\/2026\/01\/Doliprane-bio2.png","datePublished":"2026-01-12T19:05:12+00:00","dateModified":"2026-01-12T19:07:56+00:00","breadcrumb":{"@id":"https:\/\/sweetom971.com\/boutique\/plantes-aromatiques-medicinales\/doliprane-bio\/#breadcrumb"},"inLanguage":"en-US","potentialAction":[{"@type":"ReadAction","target":["https:\/\/sweetom971.com\/boutique\/plantes-aromatiques-medicinales\/doliprane-bio\/"]}]},{"@type":"ImageObject","inLanguage":"en-US","@id":"https:\/\/sweetom971.com\/boutique\/plantes-aromatiques-medicinales\/doliprane-bio\/#primaryimage","url":"https:\/\/sweetom971.com\/wp-content\/uploads\/2026\/01\/Doliprane-bio2.png","contentUrl":"https:\/\/sweetom971.com\/wp-content\/uploads\/2026\/01\/Doliprane-bio2.png","width":480,"height":639,"caption":"Doliprane bio"},{"@type":"BreadcrumbList","@id":"https:\/\/sweetom971.com\/boutique\/plantes-aromatiques-medicinales\/doliprane-bio\/#breadcrumb","itemListElement":[{"@type":"ListItem","position":1,"name":"Accueil","item":"https:\/\/sweetom971.com\/"},{"@type":"ListItem","position":2,"name":"Boutique","item":"https:\/\/sweetom971.com\/boutique\/"},{"@type":"ListItem","position":3,"name":"Doliprane bio"}]},{"@type":"WebSite","@id":"https:\/\/sweetom971.com\/#website","url":"https:\/\/sweetom971.com\/","name":"Sweet OM","description":"HOMEMADE &amp; HANDMADE PRODUCTS","publisher":{"@id":"https:\/\/sweetom971.com\/#organization"},"potentialAction":[{"@type":"SearchAction","target":{"@type":"EntryPoint","urlTemplate":"https:\/\/sweetom971.com\/?s={search_term_string}"},"query-input":{"@type":"PropertyValueSpecification","valueRequired":true,"valueName":"search_term_string"}}],"inLanguage":"en-US"},{"@type":"Organization","@id":"https:\/\/sweetom971.com\/#organization","name":"Sweet OM","url":"https:\/\/sweetom971.com\/","logo":{"@type":"ImageObject","inLanguage":"en-US","@id":"https:\/\/sweetom971.com\/#\/schema\/logo\/image\/","url":"https:\/\/sweetom971.com\/wp-content\/uploads\/2025\/10\/cropped-sweet-om-logo-couleur-1.png","contentUrl":"https:\/\/sweetom971.com\/wp-content\/uploads\/2025\/10\/cropped-sweet-om-logo-couleur-1.png","width":1999,"height":1886,"caption":"Sweet OM"},"image":{"@id":"https:\/\/sweetom971.com\/#\/schema\/logo\/image\/"},"sameAs":["https:\/\/www.facebook.com\/sweetom971\/?locale=fr_FR","https:\/\/www.instagram.com\/sweet_om971\/"]}]}},"_links":{"self":[{"href":"https:\/\/sweetom971.com\/en\/wp-json\/wp\/v2\/product\/1197","targetHints":{"allow":["GET"]}}],"collection":[{"href":"https:\/\/sweetom971.com\/en\/wp-json\/wp\/v2\/product"}],"about":[{"href":"https:\/\/sweetom971.com\/en\/wp-json\/wp\/v2\/types\/product"}],"replies":[{"embeddable":true,"href":"https:\/\/sweetom971.com\/en\/wp-json\/wp\/v2\/comments?post=1197"}],"wp:featuredmedia":[{"embeddable":true,"href":"https:\/\/sweetom971.com\/en\/wp-json\/wp\/v2\/media\/1198"}],"wp:attachment":[{"href":"https:\/\/sweetom971.com\/en\/wp-json\/wp\/v2\/media?parent=1197"}],"wp:term":[{"taxonomy":"product_brand","embeddable":true,"href":"https:\/\/sweetom971.com\/en\/wp-json\/wp\/v2\/product_brand?post=1197"},{"taxonomy":"product_cat","embeddable":true,"href":"https:\/\/sweetom971.com\/en\/wp-json\/wp\/v2\/product_cat?post=1197"},{"taxonomy":"product_tag","embeddable":true,"href":"https:\/\/sweetom971.com\/en\/wp-json\/wp\/v2\/product_tag?post=1197"}],"curies":[{"name":"wp","href":"https:\/\/api.w.org\/{rel}","templated":true}]}}